{"id":678,"date":"2015-02-21T09:00:07","date_gmt":"2015-02-21T09:00:07","guid":{"rendered":"http:\/\/ent2.xn--lner-lippeaue-wob.de\/?page_id=678"},"modified":"2015-04-23T20:07:45","modified_gmt":"2015-04-23T20:07:45","slug":"station-12-lippeufer-weitere-informationen","status":"publish","type":"page","link":"http:\/\/xn--lner-lippeaue-wob.de\/?page_id=678","title":{"rendered":"Station 12 | Lippeufer |"},"content":{"rendered":"<div><em>Mehr lesen&#8230;<\/em><\/div>\n<h2>Lippeufer<\/h2>\n<p style=\"text-align: justify;\">Das Aufkommen eines neuen Umweltbewusstseins in den 1980er Jahren sorgte daf\u00fcr, dass Fluss und Aue allm\u00e4hlich wieder als Einheit und sch\u00fctzenswerter Lebensraum gesehen wurden. Mit dem vom Lippeverband entwickelten<a href=\"http:\/\/www.kreis-unna.de\/fileadmin\/user_upload\/NFG\/naturreport_2011_internet.pdf#page=58\" target=\"_blank\"> Lippeauenprogramm<\/a> kam die Wende hin zu einer naturnahen Umgestaltung der Lippe. Eine sehr erfolgreiche Ma\u00dfnahme ist dabei die sogenannte Uferentfesselung, also die Herausnahme der Steinsch\u00fcttung am Lippeufer. Dadurch entstehen wieder Steilufer, Flachwasserzonen und Sandb\u00e4nke. Die Uferentfesselung der Lippe wurde von 1995 bis Anfang 2014 durchgef\u00fchrt. Dabei wurden zwischen Lippborg und Wesel rund 44 km des Ufers auf etwa 130 Teilabschnitten von der Uferbefestigung befreit.<\/p>\n<figure id=\"attachment_2017\" aria-describedby=\"caption-attachment-2017\" style=\"width: 300px\" class=\"wp-caption alignnone\"><a href=\"http:\/\/ent2.xn--lner-lippeaue-wob.de\/wp-content\/uploads\/2015\/04\/12K_Uferentfesselung-3_BS-Ende-4.jpg\" target=\"_blank\"><img decoding=\"async\" loading=\"lazy\" class=\"wp-image-2017 size-medium\" src=\"http:\/\/ent2.xn--lner-lippeaue-wob.de\/wp-content\/uploads\/2015\/04\/12K_Uferentfesselung-3_BS-Ende-4-300x225.jpg\" alt=\"KONICA MINOLTA DIGITAL CAMERA\" width=\"300\" height=\"225\" srcset=\"http:\/\/xn--lner-lippeaue-wob.de\/wp-content\/uploads\/2015\/04\/12K_Uferentfesselung-3_BS-Ende-4-300x225.jpg 300w, http:\/\/xn--lner-lippeaue-wob.de\/wp-content\/uploads\/2015\/04\/12K_Uferentfesselung-3_BS-Ende-4-1024x768.jpg 1024w, http:\/\/xn--lner-lippeaue-wob.de\/wp-content\/uploads\/2015\/04\/12K_Uferentfesselung-3_BS-Ende-4.jpg 2048w\" sizes=\"(max-width: 300px) 100vw, 300px\" \/><\/a><figcaption id=\"caption-attachment-2017\" class=\"wp-caption-text\">Wiederherstellung eines nat\u00fcrlichen Lippeufers bei L\u00fcnen<\/figcaption><\/figure>\n<p style=\"text-align: justify;\">In Abschnitten mit entfesselten Ufern leben viel mehr und viel anspruchsvollere Tier- und Pflanzenarten als zuvor. Zahlreiche Jungfische tummeln sich im Flachwasser und Eisvogel und Uferschwalbe k\u00f6nnen wieder ihre Nisth\u00f6hlen in die offenen Steilufer bauen. Da die Lippe wieder an einigen Stellen ungehindert flie\u00dfen kann, wird das Ufer immer wieder neu gestaltet. So k\u00f6nnen neue Lebensr\u00e4ume f\u00fcr Tiere und Pflanzen geschaffen werden.<\/p>\n<figure id=\"attachment_1011\" aria-describedby=\"caption-attachment-1011\" style=\"width: 300px\" class=\"wp-caption alignnone\"><a href=\"http:\/\/ent2.xn--lner-lippeaue-wob.de\/wp-content\/uploads\/2015\/02\/k-12BHT_uferschwalbe_BGluer_bg_7100a-Kopie.jpg\" target=\"_blank\"><img decoding=\"async\" loading=\"lazy\" class=\"wp-image-1011 size-medium\" src=\"http:\/\/ent2.xn--lner-lippeaue-wob.de\/wp-content\/uploads\/2015\/02\/k-12BHT_uferschwalbe_BGluer_bg_7100a-Kopie-300x206.jpg\" alt=\"k-12BHT_uferschwalbe_BGluer_bg_7100a - Kopie\" width=\"300\" height=\"206\" srcset=\"http:\/\/xn--lner-lippeaue-wob.de\/wp-content\/uploads\/2015\/02\/k-12BHT_uferschwalbe_BGluer_bg_7100a-Kopie-300x206.jpg 300w, http:\/\/xn--lner-lippeaue-wob.de\/wp-content\/uploads\/2015\/02\/k-12BHT_uferschwalbe_BGluer_bg_7100a-Kopie.jpg 800w\" sizes=\"(max-width: 300px) 100vw, 300px\" \/><\/a><figcaption id=\"caption-attachment-1011\" class=\"wp-caption-text\">Uferschwalbe am Eingang der Bruth\u00f6hle (Foto: Bernhard Gl\u00fcer)<\/figcaption><\/figure>\n<p><a title=\"Station 12 |\" href=\"http:\/\/ent2.xn--lner-lippeaue-wob.de\/?page_id=57\">\u2190 Zur\u00fcck <\/a><\/p>\n","protected":false},"excerpt":{"rendered":"<p>Mehr lesen&#8230; Lippeufer Das Aufkommen eines neuen Umweltbewusstseins in den 1980er Jahren sorgte daf\u00fcr, dass Fluss und Aue allm\u00e4hlich wieder als Einheit und sch\u00fctzenswerter Lebensraum gesehen wurden. Mit dem vom Lippeverband entwickelten Lippeauenprogramm kam die Wende hin zu einer naturnahen Umgestaltung der Lippe. Eine sehr erfolgreiche Ma\u00dfnahme ist dabei die sogenannte Uferentfesselung, also die Herausnahme &hellip; <a href=\"http:\/\/xn--lner-lippeaue-wob.de\/?page_id=678\" class=\"more-link\"><span class=\"screen-reader-text\">Station 12 | Lippeufer |<\/span> weiterlesen <span class=\"meta-nav\">&rarr;<\/span><\/a><\/p>\n","protected":false},"author":1,"featured_media":0,"parent":57,"menu_order":0,"comment_status":"open","ping_status":"open","template":"","meta":[],"_links":{"self":[{"href":"http:\/\/xn--lner-lippeaue-wob.de\/index.php?rest_route=\/wp\/v2\/pages\/678"}],"collection":[{"href":"http:\/\/xn--lner-lippeaue-wob.de\/index.php?rest_route=\/wp\/v2\/pages"}],"about":[{"href":"http:\/\/xn--lner-lippeaue-wob.de\/index.php?rest_route=\/wp\/v2\/types\/page"}],"author":[{"embeddable":true,"href":"http:\/\/xn--lner-lippeaue-wob.de\/index.php?rest_route=\/wp\/v2\/users\/1"}],"replies":[{"embeddable":true,"href":"http:\/\/xn--lner-lippeaue-wob.de\/index.php?rest_route=%2Fwp%2Fv2%2Fcomments&post=678"}],"version-history":[{"count":14,"href":"http:\/\/xn--lner-lippeaue-wob.de\/index.php?rest_route=\/wp\/v2\/pages\/678\/revisions"}],"predecessor-version":[{"id":2055,"href":"http:\/\/xn--lner-lippeaue-wob.de\/index.php?rest_route=\/wp\/v2\/pages\/678\/revisions\/2055"}],"up":[{"embeddable":true,"href":"http:\/\/xn--lner-lippeaue-wob.de\/index.php?rest_route=\/wp\/v2\/pages\/57"}],"wp:attachment":[{"href":"http:\/\/xn--lner-lippeaue-wob.de\/index.php?rest_route=%2Fwp%2Fv2%2Fmedia&parent=678"}],"curies":[{"name":"wp","href":"https:\/\/api.w.org\/{rel}","templated":true}]}}