{"id":10,"date":"2015-01-29T12:24:34","date_gmt":"2015-01-29T12:24:34","guid":{"rendered":"http:\/\/ent2.xn--lner-lippeaue-wob.de\/?page_id=10"},"modified":"2015-05-12T11:12:59","modified_gmt":"2015-05-12T11:12:59","slug":"startseite","status":"publish","type":"page","link":"http:\/\/xn--lner-lippeaue-wob.de\/","title":{"rendered":"Home"},"content":{"rendered":"<h2 style=\"text-align: left;\"><a href=\"http:\/\/ent2.xn--lner-lippeaue-wob.de\/wp-content\/uploads\/2015\/01\/Fotoreihe1003_Sumpfdbl.jpg\"><img decoding=\"async\" loading=\"lazy\" class=\"alignnone size-full wp-image-1557\" src=\"http:\/\/ent2.xn--lner-lippeaue-wob.de\/wp-content\/uploads\/2015\/01\/Fotoreihe1003_Sumpfdbl.jpg\" alt=\"Fotoreihe1003_Sumpfdbl\" width=\"1260\" height=\"180\" srcset=\"http:\/\/xn--lner-lippeaue-wob.de\/wp-content\/uploads\/2015\/01\/Fotoreihe1003_Sumpfdbl.jpg 1260w, http:\/\/xn--lner-lippeaue-wob.de\/wp-content\/uploads\/2015\/01\/Fotoreihe1003_Sumpfdbl-300x43.jpg 300w, http:\/\/xn--lner-lippeaue-wob.de\/wp-content\/uploads\/2015\/01\/Fotoreihe1003_Sumpfdbl-1024x146.jpg 1024w\" sizes=\"(max-width: 1260px) 100vw, 1260px\" \/><\/a><\/h2>\n<h3 style=\"text-align: left;\"><span style=\"font-size: 18pt;\">NATUR- UND KULTURLANDSCHAFTSERLEBNIS L\u00dcNER LIPPEAUE<\/span><\/h3>\n<div style=\"text-align: left;\"><span style=\"font-size: 14pt;\"><strong>Willkommen auf unserer Homepage!<\/strong><\/span><\/div>\n<div style=\"text-align: left;\"><span style=\"font-size: 14pt;\"><strong><br \/>\nHier stellen wir Ihnen den Rundweg und seine 16 <\/strong><\/span><\/div>\n<div style=\"text-align: left;\"><span style=\"font-size: 14pt;\"><strong>Erlebnisstationen vor, die in den Jahren 2013-2015 im Rahmen des Projekts &#8222;Natur- und Kulturlandschaftserlebnis L\u00fcner <\/strong><\/span><\/div>\n<div style=\"text-align: left;\"><span style=\"font-size: 14pt;\"><strong>Lippeaue&#8220; <\/strong><\/span><span style=\"font-size: 14pt;\"><strong>entstanden sind. <\/strong><\/span><\/div>\n<div style=\"text-align: left;\">\u00a0<span style=\"font-size: 14pt;\"><strong>Zu einem Besuch laden wir Sie herzlich ein!<\/strong><\/span><\/div>\n<hr \/>\n<h3>Kontrastreiche Flusslandschaft<\/h3>\n<div style=\"text-align: left;\">Entlang des Erlebnisrundweges k\u00f6nnen Sie Einblicke in die beidseitig der Lippe gelegenen Naturschutz- und europ\u00e4ischen <a href=\"http:\/\/www.naturschutz-fachinformationssysteme-nrw.de\/natura2000-meldedok\/de\/start\" target=\"_blank\">Flora-Fauna-Habitat-Gebiete<\/a><\/div>\n<div style=\"text-align: left;\">bekommen und in die naturnahe Flusslandschaft eintauchen. Hier lebt neben dem \u201ekleinen Drachen\u201c Kammmolch auch der blau schillernde Eisvogel. Aber nicht nur Natur und Landschaft pr\u00e4sentieren sich das ganze Jahr \u00fcber in ihrer wechselnden Vielfalt. Es finden sich auch faszinierende Spuren aus der<\/div>\n<div style=\"text-align: left;\">R\u00f6merzeit und dem feudalen Leben auf Schloss Buddenburg oder der<\/div>\n<div style=\"text-align: left;\">Industriegeschichte entlang des Erlebnisrundweges. Dieses Wechselspiel von Natur und Kultur macht das Landschaftserlebnis in der L\u00fcner Lippeaue<\/div>\n<div style=\"text-align: left;\">spannend und abwechslungsreich.<br \/>\nDer Erlebnisrundweg l\u00e4dt interessierte Menschen jeden Alters, zu Fu\u00df oder zu Rad ein, die Natur dieser Auenlandschaft mit ihrer vielf\u00e4ltigen Fauna und Flora zu erleben und die kulturhistorisch bedeutsame Umgebung anschaulich zu<\/div>\n<div style=\"text-align: left;\">erfahren. Schulen steht er als au\u00dferschulischer Lernort zur Verf\u00fcgung.<\/div>\n<p style=\"text-align: left;\">Seien Sie neugierig&#8230;!<\/p>\n<figure id=\"attachment_876\" aria-describedby=\"caption-attachment-876\" style=\"width: 474px\" class=\"wp-caption alignnone\"><a href=\"http:\/\/ent2.xn--lner-lippeaue-wob.de\/wp-content\/uploads\/2015\/01\/Abb-2_Lippedeich.jpg\" target=\"_blank\"><img decoding=\"async\" loading=\"lazy\" class=\"wp-image-876 size-large\" src=\"http:\/\/ent2.xn--lner-lippeaue-wob.de\/wp-content\/uploads\/2015\/01\/Abb-2_Lippedeich-1024x610.jpg\" alt=\"Abb 2_Lippedeich\" width=\"474\" height=\"282\" srcset=\"http:\/\/xn--lner-lippeaue-wob.de\/wp-content\/uploads\/2015\/01\/Abb-2_Lippedeich-1024x610.jpg 1024w, http:\/\/xn--lner-lippeaue-wob.de\/wp-content\/uploads\/2015\/01\/Abb-2_Lippedeich-300x179.jpg 300w\" sizes=\"(max-width: 474px) 100vw, 474px\" \/><\/a><figcaption id=\"caption-attachment-876\" class=\"wp-caption-text\">Die L\u00fcner Lippeaue mit Blick aus Norden &#8211; der Erlebnisrundweg verl\u00e4uft hier auf dem Lippedeich<\/figcaption><\/figure>\n<hr \/>\n<p>&nbsp;<\/p>\n","protected":false},"excerpt":{"rendered":"<p>NATUR- UND KULTURLANDSCHAFTSERLEBNIS L\u00dcNER LIPPEAUE Willkommen auf unserer Homepage! Hier stellen wir Ihnen den Rundweg und seine 16 Erlebnisstationen vor, die in den Jahren 2013-2015 im Rahmen des Projekts &#8222;Natur- und Kulturlandschaftserlebnis L\u00fcner Lippeaue&#8220; entstanden sind. \u00a0Zu einem Besuch laden wir Sie herzlich ein! Kontrastreiche Flusslandschaft Entlang des Erlebnisrundweges k\u00f6nnen Sie Einblicke in die beidseitig &hellip; <a href=\"http:\/\/xn--lner-lippeaue-wob.de\/\" class=\"more-link\"><span class=\"screen-reader-text\">Home<\/span> weiterlesen <span class=\"meta-nav\">&rarr;<\/span><\/a><\/p>\n","protected":false},"author":1,"featured_media":0,"parent":0,"menu_order":0,"comment_status":"open","ping_status":"open","template":"","meta":[],"_links":{"self":[{"href":"http:\/\/xn--lner-lippeaue-wob.de\/index.php?rest_route=\/wp\/v2\/pages\/10"}],"collection":[{"href":"http:\/\/xn--lner-lippeaue-wob.de\/index.php?rest_route=\/wp\/v2\/pages"}],"about":[{"href":"http:\/\/xn--lner-lippeaue-wob.de\/index.php?rest_route=\/wp\/v2\/types\/page"}],"author":[{"embeddable":true,"href":"http:\/\/xn--lner-lippeaue-wob.de\/index.php?rest_route=\/wp\/v2\/users\/1"}],"replies":[{"embeddable":true,"href":"http:\/\/xn--lner-lippeaue-wob.de\/index.php?rest_route=%2Fwp%2Fv2%2Fcomments&post=10"}],"version-history":[{"count":132,"href":"http:\/\/xn--lner-lippeaue-wob.de\/index.php?rest_route=\/wp\/v2\/pages\/10\/revisions"}],"predecessor-version":[{"id":2527,"href":"http:\/\/xn--lner-lippeaue-wob.de\/index.php?rest_route=\/wp\/v2\/pages\/10\/revisions\/2527"}],"wp:attachment":[{"href":"http:\/\/xn--lner-lippeaue-wob.de\/index.php?rest_route=%2Fwp%2Fv2%2Fmedia&parent=10"}],"curies":[{"name":"wp","href":"https:\/\/api.w.org\/{rel}","templated":true}]}}